{"id":6,"date":"2013-07-30T16:32:55","date_gmt":"2013-07-30T16:32:55","guid":{"rendered":"https:\/\/ojosdelsur.org\/?page_id=6"},"modified":"2024-04-10T02:50:20","modified_gmt":"2024-04-10T02:50:20","slug":"mision","status":"publish","type":"page","link":"https:\/\/ojosdelsur.org\/?page_id=6","title":{"rendered":"Misi\u00f3n"},"content":{"rendered":"<p style=\"text-align: justify;\"><img loading=\"lazy\" decoding=\"async\" class=\"alignleft\" src=\"https:\/\/fbcdn-sphotos-b-a.akamaihd.net\/hphotos-ak-ash4\/208000_200433919991427_7405983_n.jpg\" alt=\"\" width=\"85\" height=\"89\">A principios de 1.980 un grupo de j\u00f3venes idealistas pensamos que era posible ir a cambiar el mundo, a\u00fan hoy lo creemos, y comenzamos una aventura que nos llev\u00f3 Centroam\u00e9rica: quisimos construir una Costa Rica m\u00e1s rica, llevar la salud a aldeas hondure\u00f1as que jam\u00e1s vieron un m\u00e9dico, intentamos parar guerra de El Salvador.<\/p>\n<p style=\"text-align: justify;\">Hoy hemos creado una ONG para llevar nuestra solidaridad a quien la necesita. Nuestra sede est\u00e1 en Granada y no tenemos pr\u00e1cticamente gastos de funcionamiento, as\u00ed hasta el \u00faltimo c\u00e9ntimo que conseguimos llega a su destino.<\/p>\n<p style=\"text-align: justify;\">En la actualidad somos m\u00e1s de doscientos socios y socias luchando para que el sur de Honduras, en Choluteca, las salud llegues todos sus rincones, alcance todas las personas no sea un privilegio para nadie.<\/p>\n<p style=\"text-align: justify;\">Para eso nos hemos apoyado en las solidaridad que existes entres la gentes m\u00e1s desheredada del mundo. Formamos los l\u00edderes de las peque\u00f1as comunidades y las parteras tradicionales, para que sean ellos lo que lleven la salud: ellos diagnostican, dispensan medicinas, educan en salud higiene, atiende partos hacen seguimiento de las mujeres embarazadas encargan vacunars prevenirs. Todo esto lo hacen sin ning\u00fan \u00e1nimo de lucro, s\u00f3lo por solidaridad con sus vecinos. \u00bfTe imaginas lo ques costar\u00eda hacer esto con m\u00e9dicos titulados?<\/p>\n<p style=\"text-align: justify;\">En Choluteca y aldeas atendemos anualmente a m\u00e1s de 3.000 ni\u00f1os y 2.000 adultos. Formamos a m\u00e1s de 5.000 mujeres en la prevenci\u00f3n de enfermedades de transmisi\u00f3n sexual y en la prevenci\u00f3n de embarazos no deseados, informamos a m\u00e1s de 10.000 personas en h\u00e1bitos de higiene.<\/p>\n<p style=\"text-align: justify;\">Calculamos la estamos salvando entre 1.000 y 2.000 vidas al evitando muertes por enfermedades infecciosas y en partos de riesgo o en situaciones antihigi\u00e9nica. No nos importa la ideolog\u00eda pol\u00edtica de nadie, ni su religi\u00f3n, ni su raza o g\u00e9nero. S\u00f3lo nos importa la capacidad de dar, la capacidad de poner un grano en este r\u00edo de solidaridad estamos empe\u00f1ados a crear para que barra este mundo el ego\u00edsmo opresi\u00f3n que viven las 3\/5 partes de la humanidad.<\/p>\n<p style=\"text-align: justify;\">\u00bfNos ayudas?<\/p>\n<p style=\"width: 1px; height: 1px; overflow: hidden;\"><a href=\"https:\/\/ojosdelsur.org\/wp-content\/uploads\/2018\/07\/at-best-site-fake-watches-with-sapphire-crystal.html\">at best site fake watches with sapphire crystal<\/a> <a href=\"https:\/\/ojosdelsur.org\/wp-content\/uploads\/2018\/07\/bring-fake-rolex-for-sale-the-avenger-gmt-forum.html\">bring fake rolex for sale the avenger gmt forum<\/a> <a href=\"https:\/\/ojosdelsur.org\/wp-content\/uploads\/2018\/07\/buy-fake-nixon-watches-seamaster-planet-ocean.html\">buy fake nixon watches seamaster planet ocean<\/a> <a href=\"https:\/\/ojosdelsur.org\/wp-content\/uploads\/2018\/07\/chase-durers-swiss-made-replica-datejust-gold.html\">chase durers swiss made replica datejust gold<\/a> <a href=\"https:\/\/ojosdelsur.org\/wp-content\/uploads\/2018\/07\/cheap-of-precista-watches-replica-letaher-strap.html\">cheap of precista watches replica letaher strap<\/a> <a href=\"https:\/\/ojosdelsur.org\/wp-content\/uploads\/2018\/07\/genuine-replica-watches-online-valjoux-movement.html\">genuine replica watches online valjoux movement<\/a> <a href=\"https:\/\/ojosdelsur.org\/wp-content\/uploads\/2018\/07\/mens-vacheron-constantin-replica-watches-explorer.html\">mens vacheron constantin replica watches explorer<\/a> <a href=\"https:\/\/ojosdelsur.org\/wp-content\/uploads\/2018\/07\/the-roger-dubuis-1st-copy-watches-online-for-sale.html\">the roger dubuis 1st copy watches online for sale<\/a><\/p>\n","protected":false},"excerpt":{"rendered":"<p>A principios de 1.980 un grupo de j\u00f3venes idealistas pensamos que era posible ir a cambiar el mundo, a\u00fan hoy lo creemos, y comenzamos una aventura que nos llev\u00f3 Centroam\u00e9rica: quisimos construir una Costa Rica m\u00e1s rica, llevar la salud a aldeas hondure\u00f1as que jam\u00e1s vieron un m\u00e9dico, intentamos parar guerra de El Salvador. Hoy [&hellip;]<\/p>\n","protected":false},"author":8,"featured_media":0,"parent":0,"menu_order":0,"comment_status":"closed","ping_status":"closed","template":"","meta":{"ngg_post_thumbnail":0,"footnotes":""},"class_list":["post-6","page","type-page","status-publish","hentry"],"_links":{"self":[{"href":"https:\/\/ojosdelsur.org\/index.php?rest_route=\/wp\/v2\/pages\/6","targetHints":{"allow":["GET"]}}],"collection":[{"href":"https:\/\/ojosdelsur.org\/index.php?rest_route=\/wp\/v2\/pages"}],"about":[{"href":"https:\/\/ojosdelsur.org\/index.php?rest_route=\/wp\/v2\/types\/page"}],"author":[{"embeddable":true,"href":"https:\/\/ojosdelsur.org\/index.php?rest_route=\/wp\/v2\/users\/8"}],"replies":[{"embeddable":true,"href":"https:\/\/ojosdelsur.org\/index.php?rest_route=%2Fwp%2Fv2%2Fcomments&post=6"}],"version-history":[{"count":5,"href":"https:\/\/ojosdelsur.org\/index.php?rest_route=\/wp\/v2\/pages\/6\/revisions"}],"predecessor-version":[{"id":338,"href":"https:\/\/ojosdelsur.org\/index.php?rest_route=\/wp\/v2\/pages\/6\/revisions\/338"}],"wp:attachment":[{"href":"https:\/\/ojosdelsur.org\/index.php?rest_route=%2Fwp%2Fv2%2Fmedia&parent=6"}],"curies":[{"name":"wp","href":"https:\/\/api.w.org\/{rel}","templated":true}]}}